{"id":496,"date":"2016-03-18T15:07:50","date_gmt":"2016-03-18T22:07:50","guid":{"rendered":"http:\/\/inmateinfo.washeriff.net\/?page_id=496"},"modified":"2017-02-08T10:00:08","modified_gmt":"2017-02-08T17:00:08","slug":"estudio-biblico","status":"publish","type":"page","link":"http:\/\/inmateinfo.washeriff.net\/index.php\/main\/programming\/religion-services-activities-gatherings\/estudio-biblico\/","title":{"rendered":"Estudio Biblico"},"content":{"rendered":"<p><a href=\"http:\/\/inmateinfo.washeriff.net\/wp-content\/uploads\/2016\/03\/spanish-bible-study-event.jpg\"><img loading=\"lazy\" decoding=\"async\" class=\"aligncenter size-full wp-image-498\" src=\"http:\/\/inmateinfo.washeriff.net\/wp-content\/uploads\/2016\/03\/spanish-bible-study-event.jpg\" alt=\"spanish-bible-study-event\" width=\"400\" height=\"200\" srcset=\"http:\/\/inmateinfo.washeriff.net\/wp-content\/uploads\/2016\/03\/spanish-bible-study-event.jpg 400w, http:\/\/inmateinfo.washeriff.net\/wp-content\/uploads\/2016\/03\/spanish-bible-study-event-300x150.jpg 300w\" sizes=\"auto, (max-width: 400px) 100vw, 400px\" \/><\/a><span id=\"result_box\" class=\"\" lang=\"es\"><span class=\"\"><br \/>\nVen a<\/span> estudiar la Biblia con el Sr. Ernesto Garc\u00eda. estudio de la Biblia espa\u00f1ola se ense\u00f1a desde un punto de vista cat\u00f3lico, pero es no confesional en la ense\u00f1anza. estudio de la Biblia espa\u00f1ola se lleva a cabo los domingos a las 2:00 pm.<\/span><\/p>\n<p><span class=\"\" lang=\"es\">Come study the Bible with Mr. Ernesto Garcia. Study of the Spanish Bible is taught from a Catholic point of view. But is non-denominational in teaching.<br \/>\n<\/span>Spanish Bible study is held on Sunday at 2:00pm.<\/p>\n","protected":false},"excerpt":{"rendered":"<p>Ven a estudiar la Biblia con el Sr. Ernesto Garc\u00eda. estudio de la Biblia espa\u00f1ola se ense\u00f1a desde un punto de vista cat\u00f3lico, pero es no confesional en la ense\u00f1anza. estudio de la Biblia espa\u00f1ola se lleva a cabo los domingos a las 2:00 pm. Come study the Bible with Mr. Ernesto Garcia. Study of &hellip; <a class=\"more-link\" href=\"http:\/\/inmateinfo.washeriff.net\/index.php\/main\/programming\/religion-services-activities-gatherings\/estudio-biblico\/\">Read More &rarr;<\/a><\/p>\n","protected":false},"author":2005,"featured_media":498,"parent":452,"menu_order":0,"comment_status":"closed","ping_status":"closed","template":"","meta":{"footnotes":"","_links_to":"","_links_to_target":""},"class_list":["post-496","page","type-page","status-publish","has-post-thumbnail","hentry"],"_links":{"self":[{"href":"http:\/\/inmateinfo.washeriff.net\/index.php\/wp-json\/wp\/v2\/pages\/496","targetHints":{"allow":["GET"]}}],"collection":[{"href":"http:\/\/inmateinfo.washeriff.net\/index.php\/wp-json\/wp\/v2\/pages"}],"about":[{"href":"http:\/\/inmateinfo.washeriff.net\/index.php\/wp-json\/wp\/v2\/types\/page"}],"author":[{"embeddable":true,"href":"http:\/\/inmateinfo.washeriff.net\/index.php\/wp-json\/wp\/v2\/users\/2005"}],"replies":[{"embeddable":true,"href":"http:\/\/inmateinfo.washeriff.net\/index.php\/wp-json\/wp\/v2\/comments?post=496"}],"version-history":[{"count":6,"href":"http:\/\/inmateinfo.washeriff.net\/index.php\/wp-json\/wp\/v2\/pages\/496\/revisions"}],"predecessor-version":[{"id":745,"href":"http:\/\/inmateinfo.washeriff.net\/index.php\/wp-json\/wp\/v2\/pages\/496\/revisions\/745"}],"up":[{"embeddable":true,"href":"http:\/\/inmateinfo.washeriff.net\/index.php\/wp-json\/wp\/v2\/pages\/452"}],"wp:featuredmedia":[{"embeddable":true,"href":"http:\/\/inmateinfo.washeriff.net\/index.php\/wp-json\/wp\/v2\/media\/498"}],"wp:attachment":[{"href":"http:\/\/inmateinfo.washeriff.net\/index.php\/wp-json\/wp\/v2\/media?parent=496"}],"curies":[{"name":"wp","href":"https:\/\/api.w.org\/{rel}","templated":true}]}}