{"id":299,"date":"2015-10-01T15:00:41","date_gmt":"2015-10-01T22:00:41","guid":{"rendered":"http:\/\/inmateinfo.washeriff.net\/?page_id=299"},"modified":"2015-10-01T15:00:41","modified_gmt":"2015-10-01T22:00:41","slug":"jail-do-schedule","status":"publish","type":"page","link":"http:\/\/inmateinfo.washeriff.net\/index.php\/main\/ice-federal\/jail-do-schedule\/","title":{"rendered":"Jail DO Schedule"},"content":{"rendered":"<p><em>Office <\/em><em>of Enforcement and Removal Operations<\/em><\/p>\n<p><strong>U.S. Department of Homeland Security<\/strong><br \/>\n389 N. Industrial Rd suite 4<br \/>\nSaint George, UT 84770<\/p>\n<p><a href=\"http:\/\/inmateinfo.washeriff.net\/wp-content\/uploads\/2015\/10\/US_ICE_letterhead_logo.png\"><img loading=\"lazy\" decoding=\"async\" class=\"alignnone size-full wp-image-302\" src=\"http:\/\/inmateinfo.washeriff.net\/wp-content\/uploads\/2015\/10\/US_ICE_letterhead_logo.png\" alt=\"US_ICE_letterhead_logo\" width=\"540\" height=\"173\" \/><\/a><\/p>\n<p>If you are being detained by Immigration and Customs Enforcement and have any questions, Immigration officers will be at the jail every Friday at or around 0930 am, to answer your question(s).<\/p>\n<p>Si usted esta detenido por Inmigraci\u00f3n, oficiales de Inmigraci\u00f3n estar\u00e1n en la c\u00e1rcel todos los viernes a las 0930 am, para contestar pregunta(s).<\/p>\n<p>&nbsp;<\/p>\n<p>You can also contact Immigration and Customs Enforcement by calling 435-674-8780 and selecting option 3. Ask to speak with the deportation officer handling detained cases.<\/p>\n<p>Tambien puede ponerse in contacto con Inmigracion llamando al 435-674-8780 y seleccionando la opcion 3. Pida hablar con el oficial que trata con los casos detenidos.<\/p>\n","protected":false},"excerpt":{"rendered":"<p>Office of Enforcement and Removal Operations U.S. Department of Homeland Security 389 N. Industrial Rd suite 4 Saint George, UT 84770 If you are being detained by Immigration and Customs Enforcement and have any questions, Immigration officers will be at the jail every Friday at or around 0930 am, to answer your question(s). Si usted &hellip; <a class=\"more-link\" href=\"http:\/\/inmateinfo.washeriff.net\/index.php\/main\/ice-federal\/jail-do-schedule\/\">Read More &rarr;<\/a><\/p>\n","protected":false},"author":1,"featured_media":302,"parent":20,"menu_order":0,"comment_status":"closed","ping_status":"closed","template":"","meta":{"footnotes":"","_links_to":"","_links_to_target":""},"class_list":["post-299","page","type-page","status-publish","has-post-thumbnail","hentry"],"_links":{"self":[{"href":"http:\/\/inmateinfo.washeriff.net\/index.php\/wp-json\/wp\/v2\/pages\/299","targetHints":{"allow":["GET"]}}],"collection":[{"href":"http:\/\/inmateinfo.washeriff.net\/index.php\/wp-json\/wp\/v2\/pages"}],"about":[{"href":"http:\/\/inmateinfo.washeriff.net\/index.php\/wp-json\/wp\/v2\/types\/page"}],"author":[{"embeddable":true,"href":"http:\/\/inmateinfo.washeriff.net\/index.php\/wp-json\/wp\/v2\/users\/1"}],"replies":[{"embeddable":true,"href":"http:\/\/inmateinfo.washeriff.net\/index.php\/wp-json\/wp\/v2\/comments?post=299"}],"version-history":[{"count":4,"href":"http:\/\/inmateinfo.washeriff.net\/index.php\/wp-json\/wp\/v2\/pages\/299\/revisions"}],"predecessor-version":[{"id":304,"href":"http:\/\/inmateinfo.washeriff.net\/index.php\/wp-json\/wp\/v2\/pages\/299\/revisions\/304"}],"up":[{"embeddable":true,"href":"http:\/\/inmateinfo.washeriff.net\/index.php\/wp-json\/wp\/v2\/pages\/20"}],"wp:featuredmedia":[{"embeddable":true,"href":"http:\/\/inmateinfo.washeriff.net\/index.php\/wp-json\/wp\/v2\/media\/302"}],"wp:attachment":[{"href":"http:\/\/inmateinfo.washeriff.net\/index.php\/wp-json\/wp\/v2\/media?parent=299"}],"curies":[{"name":"wp","href":"https:\/\/api.w.org\/{rel}","templated":true}]}}